{"id":1194,"date":"2020-02-26T02:13:31","date_gmt":"2020-02-26T01:13:31","guid":{"rendered":"http:\/\/zbmpilawagorna.pl\/?page_id=1194"},"modified":"2024-12-18T13:06:06","modified_gmt":"2024-12-18T12:06:06","slug":"druki-do-pobrania","status":"publish","type":"page","link":"http:\/\/zbmpilawagorna.pl\/?page_id=1194","title":{"rendered":"Druki do pobrania"},"content":{"rendered":"<p>*Aby pobra\u0107 druk kliknij na ikonk\u0119 lub nazw\u0119<\/p>\n<p>\u00a0<\/p>\n<p><a href=\"http:\/\/zbmpilawagorna.pl\/wp-content\/uploads\/2022\/01\/REGULAMIN-woda-XI21-1-1.docx\" target=\"_blank\" rel=\"noopener\"><img loading=\"lazy\" decoding=\"async\" class=\"alignnone size-medium wp-image-1204\" src=\"http:\/\/zbmpilawagorna.pl\/wp-content\/uploads\/2020\/02\/Regulamin.png\" alt=\"\" width=\"120\" height=\"140\" \/>Nowy regulamin rozliczania wody 2022*<\/a><\/p>\n<p>\u00a0<\/p>\n<p><a href=\"http:\/\/zbmpilawagorna.pl\/wp-content\/uploads\/2020\/04\/Os\u0301wiadcz.-zmiana-lokatora.doc\" target=\"_blank\" rel=\"noopener\"><img loading=\"lazy\" decoding=\"async\" class=\"alignnone size-medium wp-image-1202\" src=\"http:\/\/zbmpilawagorna.pl\/wp-content\/uploads\/2020\/04\/Screenshot-2020-04-02-at-18.19.30.png\" alt=\"\" width=\"120\" height=\"140\" \/>Informacja o stanie wodomierza lokalowego w zwi\u0105zku ze sprzeda\u017c\u0105 lub zakupem lokalu*<\/a><\/p>\n<p>\u00a0<\/p>\n<p><a href=\"http:\/\/zbmpilawagorna.pl\/wp-content\/uploads\/2020\/02\/druk-zmiana-ilosci-osob-zamieszka\u0142ych-w-lokalu.doc\" target=\"_blank\" rel=\"noopener\"><img loading=\"lazy\" decoding=\"async\" class=\"alignnone size-medium wp-image-1203\" src=\"http:\/\/zbmpilawagorna.pl\/wp-content\/uploads\/2020\/02\/Os\u0301wiadczenie.png\" alt=\"\" width=\"120\" height=\"140\" \/>Zmiana ilo\u015bci os\u00f3b zamieszka\u0142ych w lokalu*<\/a><\/p>\n<p>\u00a0<\/p>\n<p><a href=\"http:\/\/zbmpilawagorna.pl\/wp-content\/uploads\/2020\/02\/Wniosek-o-wydanie-warunko\u0301w-technicznych.docx\" target=\"_blank\" rel=\"noopener\"><img loading=\"lazy\" decoding=\"async\" class=\"size-medium wp-image-1205 alignnone\" src=\"http:\/\/zbmpilawagorna.pl\/wp-content\/uploads\/2020\/02\/Wniosek.png\" alt=\"\" width=\"120\" height=\"140\" \/>Wniosek o wydanie warunk\u00f3w technicznych*<\/a><\/p>\n\n\n<div class=\"wp-block-group is-nowrap is-layout-flex wp-container-core-group-is-layout-ad2f72ca wp-block-group-is-layout-flex\">\n<figure class=\"wp-block-gallery has-nested-images columns-default wp-block-gallery-1 is-layout-flex wp-block-gallery-is-layout-flex\">\n<figure class=\"wp-block-image size-thumbnail\"><img loading=\"lazy\" decoding=\"async\" width=\"150\" height=\"150\" data-id=\"2521\" src=\"http:\/\/zbmpilawagorna.pl\/wp-content\/uploads\/2024\/12\/umowa-2-150x150.png\" alt=\"\" class=\"wp-image-2521\"\/><\/figure>\n<\/figure>\n\n\n\n<div class=\"wp-block-file\"><a id=\"wp-block-file--media-e582855a-b761-4378-b9e4-b6c0f92233c6\" href=\"http:\/\/zbmpilawagorna.pl\/wp-content\/uploads\/2024\/12\/UMOWA-NAJMU-NOWA-2024.pdf\"><br><br><br><br><br><br>Nowa umowa najmu &#8211; 2024*<br><\/a><\/div>\n\n\n\n<p class=\"has-large-font-size\"><\/p>\n<\/div>\n ","protected":false},"excerpt":{"rendered":"<p>*Aby pobra\u0107 druk kliknij na ikonk\u0119 lub nazw\u0119 \u00a0 Nowy regulamin rozliczania wody 2022* \u00a0 Informacja o stanie wodomierza lokalowego w zwi\u0105zku ze sprzeda\u017c\u0105 lub zakupem lokalu* \u00a0 Zmiana ilo\u015bci os\u00f3b zamieszka\u0142ych w lokalu* \u00a0 Wniosek o wydanie warunk\u00f3w technicznych*<\/p>\n","protected":false},"author":1,"featured_media":1225,"parent":0,"menu_order":0,"comment_status":"closed","ping_status":"closed","template":"","meta":{"footnotes":""},"class_list":["post-1194","page","type-page","status-publish","has-post-thumbnail","hentry"],"_links":{"self":[{"href":"http:\/\/zbmpilawagorna.pl\/index.php?rest_route=\/wp\/v2\/pages\/1194","targetHints":{"allow":["GET"]}}],"collection":[{"href":"http:\/\/zbmpilawagorna.pl\/index.php?rest_route=\/wp\/v2\/pages"}],"about":[{"href":"http:\/\/zbmpilawagorna.pl\/index.php?rest_route=\/wp\/v2\/types\/page"}],"author":[{"embeddable":true,"href":"http:\/\/zbmpilawagorna.pl\/index.php?rest_route=\/wp\/v2\/users\/1"}],"replies":[{"embeddable":true,"href":"http:\/\/zbmpilawagorna.pl\/index.php?rest_route=%2Fwp%2Fv2%2Fcomments&post=1194"}],"version-history":[{"count":46,"href":"http:\/\/zbmpilawagorna.pl\/index.php?rest_route=\/wp\/v2\/pages\/1194\/revisions"}],"predecessor-version":[{"id":2522,"href":"http:\/\/zbmpilawagorna.pl\/index.php?rest_route=\/wp\/v2\/pages\/1194\/revisions\/2522"}],"wp:featuredmedia":[{"embeddable":true,"href":"http:\/\/zbmpilawagorna.pl\/index.php?rest_route=\/wp\/v2\/media\/1225"}],"wp:attachment":[{"href":"http:\/\/zbmpilawagorna.pl\/index.php?rest_route=%2Fwp%2Fv2%2Fmedia&parent=1194"}],"curies":[{"name":"wp","href":"https:\/\/api.w.org\/{rel}","templated":true}]}}