{"id":1264,"date":"2020-02-26T11:43:33","date_gmt":"2020-02-26T10:43:33","guid":{"rendered":"http:\/\/zbmpilawagorna.pl\/?page_id=1264"},"modified":"2020-02-29T21:30:16","modified_gmt":"2020-02-29T20:30:16","slug":"podaj-stan-wodomierza","status":"publish","type":"page","link":"http:\/\/zbmpilawagorna.pl\/?page_id=1264","title":{"rendered":"Podaj stan wodomierza"},"content":{"rendered":"<div class=\"stan-photo\" style=\"position: absolute; top: 30%; left: 40%; opacity: 0.3; z-index: -1;\"><img decoding=\"async\" src=\"http:\/\/zbmpilawagorna.pl\/wp-content\/uploads\/2020\/02\/images-removebg-preview.png\" alt=\"\" width=\"800\" class=\"alignnone size-medium wp-image-1327\" srcset=\"http:\/\/zbmpilawagorna.pl\/wp-content\/uploads\/2020\/02\/images-removebg-preview.png 329w, http:\/\/zbmpilawagorna.pl\/wp-content\/uploads\/2020\/02\/images-removebg-preview-300x140.png 300w\" sizes=\"(max-width: 329px) 100vw, 329px\" \/><\/div>\n<section id=\"kontakt\" class=\"pb-5\">\n<div class=\"row\">\n<div class=\"col-lg-8 mb-4\">\n<div class=\"card\">\n<div class=\"card-body\">\n<div class=\"form-header bg-primary\">\n<h3><i class=\"fa fa-envelope\"><\/i>Wy\u015blij stan wodomierza:<\/h3>\n<\/div>\n<p><div class=\"wpforms-container wpforms-container-full\" id=\"wpforms-1262\"><form id=\"wpforms-form-1262\" class=\"wpforms-validate wpforms-form\" data-formid=\"1262\" method=\"post\" enctype=\"multipart\/form-data\" action=\"\/index.php?rest_route=%2Fwp%2Fv2%2Fpages%2F1264\"><noscript class=\"wpforms-error-noscript\">Please enable JavaScript in your browser to complete this form.<\/noscript><div class=\"wpforms-field-container\"><div id=\"wpforms-1262-field_1-container\" class=\"wpforms-field wpforms-field-name\" data-field-id=\"1\"><label class=\"wpforms-field-label\" for=\"wpforms-1262-field_1\">Imi\u0119 i nazwisko <span class=\"wpforms-required-label\">*<\/span><\/label><div class=\"wpforms-field-row wpforms-field-medium\"><div class=\"wpforms-field-row-block wpforms-first wpforms-one-half\"><input type=\"text\" id=\"wpforms-1262-field_1\" class=\"wpforms-field-name-first wpforms-field-required\" name=\"wpforms[fields][1][first]\" placeholder=\"Imi\u0119\" required><label for=\"wpforms-1262-field_1\" class=\"wpforms-field-sublabel after wpforms-sublabel-hide\">First<\/label><\/div><div class=\"wpforms-field-row-block wpforms-one-half\"><input type=\"text\" id=\"wpforms-1262-field_1-last\" class=\"wpforms-field-name-last wpforms-field-required\" name=\"wpforms[fields][1][last]\" placeholder=\"Nazwisko\" required><label for=\"wpforms-1262-field_1-last\" class=\"wpforms-field-sublabel after wpforms-sublabel-hide\">Last<\/label><\/div><\/div><\/div><div id=\"wpforms-1262-field_2-container\" class=\"wpforms-field wpforms-field-email\" data-field-id=\"2\"><label class=\"wpforms-field-label\" for=\"wpforms-1262-field_2\">Adres email <span class=\"wpforms-required-label\">*<\/span><\/label><input type=\"email\" id=\"wpforms-1262-field_2\" class=\"wpforms-field-medium wpforms-field-required\" name=\"wpforms[fields][2]\" placeholder=\"Email\" required><\/div><div id=\"wpforms-1262-field_5-container\" class=\"wpforms-field wpforms-field-text\" data-field-id=\"5\"><label class=\"wpforms-field-label\" for=\"wpforms-1262-field_5\">Ulica i numer lokalu <span class=\"wpforms-required-label\">*<\/span><\/label><input type=\"text\" id=\"wpforms-1262-field_5\" class=\"wpforms-field-medium wpforms-field-required\" name=\"wpforms[fields][5]\" placeholder=\"Adres\" required><\/div><div id=\"wpforms-1262-field_8-container\" class=\"wpforms-field wpforms-field-text\" data-field-id=\"8\"><label class=\"wpforms-field-label\" for=\"wpforms-1262-field_8\">Odczyt na dzie\u0144 <span class=\"wpforms-required-label\">*<\/span><\/label><input type=\"text\" id=\"wpforms-1262-field_8\" class=\"wpforms-field-small wpforms-field-required wpforms-masked-input\" data-inputmask-mask=\"99\/99\/9999\" name=\"wpforms[fields][8]\" placeholder=\"01\/01\/2020\" required><div class=\"wpforms-field-description\">dd\/mm\/rrrr<\/div><\/div><div id=\"wpforms-1262-field_9-container\" class=\"wpforms-field wpforms-field-text\" data-field-id=\"9\"><label class=\"wpforms-field-label\" for=\"wpforms-1262-field_9\">Stan wodomierza <span class=\"wpforms-required-label\">*<\/span><\/label><input type=\"text\" id=\"wpforms-1262-field_9\" class=\"wpforms-field-small wpforms-field-required wpforms-masked-input\" data-inputmask-mask=\"99999999\" name=\"wpforms[fields][9]\" placeholder=\"1234567890\" required><\/div><div id=\"wpforms-1262-field_4-container\" class=\"wpforms-field wpforms-field-textarea\" data-field-id=\"4\"><label class=\"wpforms-field-label\" for=\"wpforms-1262-field_4\">Uwagi<\/label><textarea id=\"wpforms-1262-field_4\" class=\"wpforms-field-small\" name=\"wpforms[fields][4]\" placeholder=\"Napisz wiadomo\u015b\u0107\" ><\/textarea><\/div><div id=\"wpforms-1262-field_10-container\" class=\"wpforms-field wpforms-field-checkbox\" data-field-id=\"10\"><label class=\"wpforms-field-label wpforms-label-hide\" for=\"wpforms-1262-field_10\">Checkboxes <span class=\"wpforms-required-label\">*<\/span><\/label><ul id=\"wpforms-1262-field_10\" class=\"wpforms-field-required\"><li class=\"choice-1 depth-1\"><input type=\"checkbox\" id=\"wpforms-1262-field_10_1\" name=\"wpforms[fields][10][]\" value=\"&lt;p style=&quot;font-size: 12px&quot;&gt;Wyra\u017cam zgod\u0119 na przetwarzanie danych osobowych zgodnie z ustaw\u0105 o ochronie danych osobowych w zwi\u0105zku z podaniem stanu wodomierza przez formularz. Podanie danych jest dobrowolne, ale niezb\u0119dne do przetworzenia wiadomo\u015bci. Zosta\u0142(am)em poinformowan(a)y, \u017ce przys\u0142uguje mi prawo dost\u0119pu do swoich danych, mo\u017cliwo\u015bci ich poprawienia, \u017c\u0105dania zaprzestania ich przetwarzania. Administratorem danych osobowych jest &lt;b&gt;Zarz\u0105d Budynk\u00f3w Mieszkalnych Sp. z o. o. w Pi\u0142awie G\u00f3rnej ul. Piastowska 15a, 58-240 Pi\u0142awa G\u00f3rna&lt;\/b&gt; &lt;\/p&gt;\" required ><label class=\"wpforms-field-label-inline\" for=\"wpforms-1262-field_10_1\"><p style=\"font-size: 12px\">Wyra\u017cam zgod\u0119 na przetwarzanie danych osobowych zgodnie z ustaw\u0105 o ochronie danych osobowych w zwi\u0105zku z podaniem stanu wodomierza przez formularz. Podanie danych jest dobrowolne, ale niezb\u0119dne do przetworzenia wiadomo\u015bci. Zosta\u0142(am)em poinformowan(a)y, \u017ce przys\u0142uguje mi prawo dost\u0119pu do swoich danych, mo\u017cliwo\u015bci ich poprawienia, \u017c\u0105dania zaprzestania ich przetwarzania. Administratorem danych osobowych jest <b>Zarz\u0105d Budynk\u00f3w Mieszkalnych Sp. z o. o. w Pi\u0142awie G\u00f3rnej ul. Piastowska 15a, 58-240 Pi\u0142awa G\u00f3rna<\/b> <\/p><\/label><\/li><\/ul><div class=\"wpforms-field-description\"><p style=\"color: red;\">* pole wymagane<\/div><\/div><div id=\"wpforms-1262-field_11-container\" class=\"wpforms-field wpforms-field-email\" data-field-id=\"11\"><label class=\"wpforms-field-label\" for=\"wpforms-1262-field_11\">Email <span class=\"wpforms-required-label\">*<\/span><\/label><input type=\"email\" id=\"wpforms-1262-field_11\" class=\"wpforms-field-medium wpforms-field-required\" name=\"wpforms[fields][11]\" required><\/div><\/div><div class=\"wpforms-field wpforms-field-hp\"><label for=\"wpforms-1262-field-hp\" class=\"wpforms-field-label\">Message<\/label><input type=\"text\" name=\"wpforms[hp]\" id=\"wpforms-1262-field-hp\" class=\"wpforms-field-medium\"><\/div><div class=\"wpforms-submit-container\" ><input type=\"hidden\" name=\"wpforms[id]\" value=\"1262\"><input type=\"hidden\" name=\"wpforms[author]\" value=\"1\"><button type=\"submit\" name=\"wpforms[submit]\" class=\"wpforms-submit \" id=\"wpforms-submit-1262\" value=\"wpforms-submit\" aria-live=\"assertive\" data-alt-text=\"Wysy\u0142anie...\" data-submit-text=\"Wy\u015blij\">Wy\u015blij<\/button><\/div><\/form><\/div>  <!-- .wpforms-container --><br \/>\n\n<\/div>\n<\/div>\n<\/div>\n<\/div>\n<\/section>\n ","protected":false},"excerpt":{"rendered":"<p>Wy\u015blij stan wodomierza:<\/p>\n","protected":false},"author":1,"featured_media":0,"parent":0,"menu_order":0,"comment_status":"closed","ping_status":"closed","template":"","meta":{"footnotes":""},"class_list":["post-1264","page","type-page","status-publish","hentry"],"_links":{"self":[{"href":"http:\/\/zbmpilawagorna.pl\/index.php?rest_route=\/wp\/v2\/pages\/1264","targetHints":{"allow":["GET"]}}],"collection":[{"href":"http:\/\/zbmpilawagorna.pl\/index.php?rest_route=\/wp\/v2\/pages"}],"about":[{"href":"http:\/\/zbmpilawagorna.pl\/index.php?rest_route=\/wp\/v2\/types\/page"}],"author":[{"embeddable":true,"href":"http:\/\/zbmpilawagorna.pl\/index.php?rest_route=\/wp\/v2\/users\/1"}],"replies":[{"embeddable":true,"href":"http:\/\/zbmpilawagorna.pl\/index.php?rest_route=%2Fwp%2Fv2%2Fcomments&post=1264"}],"version-history":[{"count":20,"href":"http:\/\/zbmpilawagorna.pl\/index.php?rest_route=\/wp\/v2\/pages\/1264\/revisions"}],"predecessor-version":[{"id":1363,"href":"http:\/\/zbmpilawagorna.pl\/index.php?rest_route=\/wp\/v2\/pages\/1264\/revisions\/1363"}],"wp:attachment":[{"href":"http:\/\/zbmpilawagorna.pl\/index.php?rest_route=%2Fwp%2Fv2%2Fmedia&parent=1264"}],"curies":[{"name":"wp","href":"https:\/\/api.w.org\/{rel}","templated":true}]}}