{"id":1867,"date":"2021-05-05T10:45:50","date_gmt":"2021-05-05T09:45:50","guid":{"rendered":"http:\/\/zbmpilawagorna.pl\/?page_id=1867"},"modified":"2021-05-05T11:20:27","modified_gmt":"2021-05-05T10:20:27","slug":"slupy-ogloszeniowe","status":"publish","type":"page","link":"http:\/\/zbmpilawagorna.pl\/?page_id=1867","title":{"rendered":"S\u0142upy og\u0142oszeniowe"},"content":{"rendered":"<h2 class=\"p2\" style=\"text-align: center;\"><b><img loading=\"lazy\" decoding=\"async\" class=\"wp-image-1568\" src=\"http:\/\/zbmpilawagorna.pl\/wp-content\/uploads\/2020\/07\/Screenshot_2020-07-10_at_16-removebg-preview.png\" alt=\"\" width=\"117\" height=\"135\" \/><\/b><\/h2>\n<h3 style=\"text-align: center;\"><strong>Zarz\u0105d Budynk\u00f3w Mieszkalnych Sp. z o. o.<\/strong><\/h3>\n<h3 style=\"text-align: center;\"><strong>ul. Piastowska 15a<\/strong><\/h3>\n<h3 style=\"text-align: center;\"><strong>58-240 Pi\u0142awa G\u00f3rna <\/strong><\/h3>\n<p style=\"font-size: 12px; text-align: center;\">Tel.\/fax (074) 837-12-88, \\NIP: 882-19-32-252, REGON: 891500563, S\u0105d Rejonowy dla Wroc\u0142awia-Fabrycznej WR IX NS \u2013 REJ KRS nr 0000177365<\/p>\n<hr \/>\n<h2 style=\"text-align: center;\"><b><span data-contrast=\"auto\">REGULAMIN\u00a0<\/span><\/b><span data-ccp-props=\"{&quot;335551550&quot;:2,&quot;335551620&quot;:2}\">\u00a0<\/span><\/h2>\n<h3 style=\"text-align: center;\"><b><span data-contrast=\"auto\">korzystania ze s\u0142up\u00f3w og\u0142oszeniowych stanowi\u0105cych w\u0142asno\u015b\u0107 Gminy Pi\u0142awy G\u00f3rnej<\/span><\/b><span data-ccp-props=\"{&quot;335551550&quot;:2,&quot;335551620&quot;:2}\">\u00a0<\/span><\/h3>\n<p>&nbsp;<\/p>\n<h3 style=\"text-align: center;\"><strong><span class=\"TextRun SCXW215790105 BCX0\" lang=\"PL-PL\" xml:lang=\"PL-PL\" data-contrast=\"auto\"><span class=\"NormalTextRun SCXW215790105 BCX0\">\u00a7<\/span><\/span>1\u00a0<\/strong><\/h3>\n<p style=\"text-align: left;\"><span data-contrast=\"auto\">Regulamin okre\u015bla zasady umieszczania og\u0142osze\u0144, plakat\u00f3w, materia\u0142\u00f3w informacyjnych, reklamowych lub wyborczych, zwanych dalej materia\u0142ami, na s\u0142upach og\u0142oszeniowych stanowi\u0105cych\u00a0<\/span><span data-contrast=\"auto\">w\u0142asno\u015b\u0107 Gminy Pi\u0142awa G\u00f3rna.<\/span><span data-ccp-props=\"{&quot;335551550&quot;:1,&quot;335551620&quot;:1,&quot;335559740&quot;:360}\">\u00a0<\/span><\/p>\n<p>&nbsp;<\/p>\n<h3 style=\"text-align: center;\"><strong><span class=\"TextRun SCXW215790105 BCX0\" lang=\"PL-PL\" xml:lang=\"PL-PL\" data-contrast=\"auto\"><span class=\"NormalTextRun SCXW215790105 BCX0\">\u00a7<\/span><\/span>2<\/strong><\/h3>\n<p><span data-ccp-props=\"{&quot;335551550&quot;:2,&quot;335551620&quot;:2}\">\u00a0<\/span><\/p>\n<ol>\n<li><span data-contrast=\"auto\"> Zarz\u0105dc\u0105 s\u0142up\u00f3w og\u0142oszeniowych zlokalizowanych na terenie miasta Pi\u0142awa G\u00f3rna stanowi\u0105cych w\u0142asno\u015b\u0107 Gminy Pi\u0142awa G\u00f3rna jest Zarz\u0105d Budynk\u00f3w Mieszkalnych Sp. z o.o. w Pi\u0142awie G\u00f3rnej.<\/span><\/li>\n<li><span data-contrast=\"auto\"> Umieszczanie materia\u0142\u00f3w na s\u0142upach og\u0142oszeniowych b\u0119d\u0105cych w\u0142asno\u015bci\u0105 Gminy Pi\u0142awa G\u00f3rna odbywa si\u0119 wy\u0142\u0105cznie za po\u015brednictwem Zarz\u0105dcy.<\/span><\/li>\n<\/ol>\n<h4 style=\"text-align: center;\"><span data-ccp-props=\"{&quot;335551550&quot;:1,&quot;335551620&quot;:1}\">\u00a0<strong><span class=\"TextRun SCXW215790105 BCX0\" lang=\"PL-PL\" xml:lang=\"PL-PL\" data-contrast=\"auto\"><span class=\"NormalTextRun SCXW215790105 BCX0\">\u00a7<\/span><\/span><\/strong><\/span><strong>3<\/strong><\/h4>\n<p><span data-ccp-props=\"{&quot;335551550&quot;:2,&quot;335551620&quot;:2}\">\u00a0<\/span><\/p>\n<ol>\n<li style=\"text-align: left;\"><span data-contrast=\"auto\"> Na s\u0142upach og\u0142oszeniowych mog\u0105 by\u0107 wywieszane materia\u0142y pochodz\u0105ce od os\u00f3b fizycznych i prawnych oraz innych jednostek organizacyjnych, kt\u00f3rych forma, tre\u015b\u0107 i szata graficzna zosta\u0142y przyj\u0119te przez zarz\u0105dc\u0119 s\u0142up\u00f3w jako zgodne z obowi\u0105zuj\u0105cymi przepisami prawa i dobrymi obyczajami.<\/span><\/li>\n<li style=\"text-align: left;\"><span data-contrast=\"auto\"> Osoby oraz jednostki, o kt\u00f3rych mowa w ust.1 ponosz\u0105 odpowiedzialno\u015b\u0107 za tre\u015bci zawarte na wywieszanych materia\u0142ach.<\/span><\/li>\n<li style=\"text-align: left;\"><span data-contrast=\"auto\"> Zamieszczanie materia\u0142\u00f3w na s\u0142upach og\u0142oszeniowych bez zgody zarz\u0105dcy jest zabronione.<\/span><\/li>\n<li style=\"text-align: left;\"><span data-contrast=\"auto\"> Wszystkie materia\u0142y zamieszczane na s\u0142upach bez wiedzy i zgody zarz\u0105dcy b\u0119d\u0105 usuwane.<\/span><\/li>\n<\/ol>\n<h4 style=\"text-align: center;\"><span data-ccp-props=\"{&quot;335551550&quot;:1,&quot;335551620&quot;:1}\">\u00a0<strong><span class=\"TextRun SCXW215790105 BCX0\" lang=\"PL-PL\" xml:lang=\"PL-PL\" data-contrast=\"auto\"><span class=\"NormalTextRun SCXW215790105 BCX0\">\u00a7<\/span><\/span><\/strong><\/span><strong>4<\/strong><\/h4>\n<p style=\"text-align: center;\"><span data-ccp-props=\"{&quot;335551550&quot;:2,&quot;335551620&quot;:2}\">\u00a0<\/span><\/p>\n<ol style=\"text-align: center;\">\n<li style=\"text-align: left;\"><span data-contrast=\"auto\"> Za umieszczanie materia\u0142\u00f3w na s\u0142upach og\u0142oszeniowych zarz\u0105dca pobiera op\u0142aty wed\u0142ug aktualnego cennika (za\u0142\u0105cznik nr 1) oraz zasad okre\u015blonych w niniejszym regulaminie.<\/span><\/li>\n<li style=\"text-align: left;\"><span data-contrast=\"auto\"> Cena za wywieszane materia\u0142y uzale\u017cniona jest od formatu oraz czasu ekspozycji.<\/span><\/li>\n<li style=\"text-align: left;\"><span data-contrast=\"auto\"> Osoby lub jednostki po dokonaniu wp\u0142aty we w\u0142asnym zakresie umieszczaj\u0105 materia\u0142y na s\u0142upach.<\/span><\/li>\n<\/ol>\n<h4 style=\"text-align: center;\"><strong><span class=\"TextRun SCXW215790105 BCX0\" lang=\"PL-PL\" xml:lang=\"PL-PL\" data-contrast=\"auto\"><span class=\"NormalTextRun SCXW215790105 BCX0\">\u00a7<\/span><\/span>5<\/strong><\/h4>\n<ol style=\"text-align: center;\">\n<li style=\"text-align: left;\"><span data-contrast=\"auto\"> Za umieszczanie materia\u0142\u00f3w dotycz\u0105cych :<\/span><\/li>\n<\/ol>\n<p style=\"text-align: left;\"><span data-contrast=\"auto\">&#8211; informacji o charakterze charytatywnym,<\/span><span data-ccp-props=\"{&quot;335551550&quot;:1,&quot;335551620&quot;:1,&quot;335559740&quot;:360}\">\u00a0<\/span><\/p>\n<p style=\"text-align: left;\"><span data-contrast=\"auto\">&#8211; informacji o imprezach, akcjach i dzia\u0142aniach (np. wybory, pobory)<\/span><span data-ccp-props=\"{&quot;335551550&quot;:1,&quot;335551620&quot;:1,&quot;335559740&quot;:360}\">\u00a0<\/span><\/p>\n<p style=\"text-align: left;\"><span data-contrast=\"auto\">organizowanych przez Urz\u0105d Miasta w Pi\u0142awie G\u00f3rnej nie pobiera si\u0119 op\u0142aty.<\/span><span data-ccp-props=\"{&quot;335551550&quot;:1,&quot;335551620&quot;:1,&quot;335559740&quot;:360}\">\u00a0<\/span><\/p>\n<h4 style=\"text-align: center;\"><span data-ccp-props=\"{&quot;335551550&quot;:1,&quot;335551620&quot;:1,&quot;335559740&quot;:360}\">\u00a0<strong><span class=\"TextRun SCXW215790105 BCX0\" lang=\"PL-PL\" xml:lang=\"PL-PL\" data-contrast=\"auto\"><span class=\"NormalTextRun SCXW215790105 BCX0\">\u00a7<\/span><\/span><\/strong><\/span><strong>6<\/strong><\/h4>\n<p style=\"text-align: center;\"><span data-ccp-props=\"{&quot;335551550&quot;:2,&quot;335551620&quot;:2,&quot;335559740&quot;:360}\">\u00a0<\/span><\/p>\n<p style=\"text-align: left;\"><span data-contrast=\"auto\">Utrzymanie s\u0142up\u00f3w w nale\u017cytym stanie nale\u017cy do zarz\u0105dcy.<\/span><span data-ccp-props=\"{&quot;335551550&quot;:1,&quot;335551620&quot;:1,&quot;335559740&quot;:360}\">\u00a0<\/span><\/p>\n<h4 style=\"text-align: center;\"><strong>\u00a0<span class=\"TextRun SCXW215790105 BCX0\" lang=\"PL-PL\" xml:lang=\"PL-PL\" data-contrast=\"auto\"><span class=\"NormalTextRun SCXW215790105 BCX0\">\u00a7<\/span><\/span>7<\/strong><\/h4>\n<p style=\"text-align: center;\"><span data-ccp-props=\"{&quot;335551550&quot;:2,&quot;335551620&quot;:2,&quot;335559740&quot;:360}\">\u00a0<\/span><\/p>\n<p style=\"text-align: left;\"><span data-contrast=\"auto\">Powy\u017cszy regulamin wchodzi w \u017cycie z dniem 01.05.2021 roku.<\/span><span data-ccp-props=\"{&quot;335551550&quot;:1,&quot;335551620&quot;:1,&quot;335559740&quot;:360}\">\u00a0<\/span><\/p>\n<p style=\"text-align: center;\"><span data-ccp-props=\"{&quot;335551550&quot;:1,&quot;335551620&quot;:1,&quot;335559740&quot;:360}\">\u00a0<\/span><span data-ccp-props=\"{&quot;335551550&quot;:1,&quot;335551620&quot;:1,&quot;335559740&quot;:360}\">\u00a0<\/span><\/p>\n<p style=\"text-align: center;\"><span data-contrast=\"auto\">\u00a0\u00a0\u00a0\u00a0\u00a0\u00a0\u00a0\u00a0\u00a0\u00a0\u00a0\u00a0\u00a0\u00a0\u00a0\u00a0\u00a0\u00a0\u00a0\u00a0\u00a0\u00a0\u00a0\u00a0\u00a0\u00a0\u00a0\u00a0\u00a0\u00a0\u00a0\u00a0\u00a0\u00a0\u00a0\u00a0\u00a0\u00a0\u00a0\u00a0\u00a0\u00a0\u00a0\u00a0\u00a0\u00a0\u00a0\u00a0\u00a0\u00a0\u00a0\u00a0\u00a0\u00a0\u00a0\u00a0\u00a0\u00a0\u00a0\u00a0\u00a0\u00a0\u00a0\u00a0\u00a0\u00a0\u00a0\u00a0\u00a0\u00a0\u00a0\u00a0\u00a0\u00a0\u00a0\u00a0\u00a0\u00a0\u00a0\u00a0\u00a0\u00a0\u00a0\u00a0\u00a0\u00a0\u00a0\u00a0\u00a0\u00a0\u00a0\u00a0\u00a0\u00a0\u00a0\u00a0<\/span><b><span data-contrast=\"auto\">Agnieszka\u00a0Bodnarczuk<\/span><\/b><span data-ccp-props=\"{&quot;335551550&quot;:1,&quot;335551620&quot;:1,&quot;335559740&quot;:360}\">\u00a0<\/span><\/p>\n<p style=\"text-align: center;\"><b><span data-contrast=\"auto\">\u00a0\u00a0\u00a0\u00a0\u00a0\u00a0\u00a0\u00a0\u00a0\u00a0\u00a0\u00a0\u00a0\u00a0\u00a0\u00a0\u00a0\u00a0\u00a0\u00a0\u00a0\u00a0\u00a0\u00a0\u00a0\u00a0\u00a0\u00a0\u00a0\u00a0\u00a0\u00a0\u00a0\u00a0\u00a0\u00a0\u00a0\u00a0\u00a0\u00a0\u00a0\u00a0\u00a0\u00a0\u00a0\u00a0\u00a0\u00a0\u00a0\u00a0\u00a0\u00a0\u00a0\u00a0\u00a0\u00a0\u00a0\u00a0\u00a0\u00a0\u00a0\u00a0\u00a0\u00a0\u00a0\u00a0\u00a0\u00a0\u00a0\u00a0\u00a0\u00a0\u00a0\u00a0\u00a0\u00a0\u00a0\u00a0\u00a0\u00a0\u00a0\u00a0\u00a0\u00a0\u00a0\u00a0\u00a0\u00a0\u00a0\u00a0\u00a0\u00a0\u00a0\u00a0\u00a0\u00a0\u00a0\u00a0\u00a0\u00a0\u00a0\u00a0<\/span><\/b><b><span data-contrast=\"auto\">Prezes Zarz\u0105du<\/span><\/b><span data-ccp-props=\"{&quot;335551550&quot;:1,&quot;335551620&quot;:1,&quot;335559740&quot;:360}\">\u00a0<\/span><\/p>\n<p><span data-contrast=\"auto\">\u00a0<\/span><span data-ccp-props=\"{&quot;335551550&quot;:1,&quot;335551620&quot;:1,&quot;335559740&quot;:360}\">\u00a0<\/span><\/p>\n<h4><a href=\"http:\/\/zbmpilawagorna.pl\/wp-content\/uploads\/2021\/05\/cennik-s\u0142upy.pdf\">Za\u0142\u0105cznik nr 1 &#8211; Cennik s\u0142upo\u0301w<\/a><br \/>\n<a href=\"http:\/\/zbmpilawagorna.pl\/wp-content\/uploads\/2021\/05\/wykaz-slupow-ogloszeniowych.pdf\">Za\u0142\u0105cznik nr 2 &#8211; Wykaz s\u0142upo\u0301w<\/a><\/h4>\n<p>&nbsp;<\/p>\n<p>&nbsp;<\/p>\n ","protected":false},"excerpt":{"rendered":"<p>Zarz\u0105d Budynk\u00f3w Mieszkalnych Sp. z o. o. ul. Piastowska 15a 58-240 Pi\u0142awa G\u00f3rna Tel.\/fax (074) 837-12-88, \\NIP: 882-19-32-252, REGON: 891500563, S\u0105d Rejonowy dla Wroc\u0142awia-Fabrycznej WR IX NS \u2013 REJ KRS nr 0000177365 REGULAMIN\u00a0\u00a0 korzystania ze s\u0142up\u00f3w og\u0142oszeniowych stanowi\u0105cych w\u0142asno\u015b\u0107 Gminy Pi\u0142awy G\u00f3rnej\u00a0 &nbsp; \u00a71\u00a0 Regulamin okre\u015bla zasady umieszczania og\u0142osze\u0144, plakat\u00f3w, materia\u0142\u00f3w informacyjnych, reklamowych lub wyborczych, [&hellip;]<\/p>\n","protected":false},"author":1,"featured_media":0,"parent":0,"menu_order":0,"comment_status":"closed","ping_status":"closed","template":"","meta":{"footnotes":""},"class_list":["post-1867","page","type-page","status-publish","hentry"],"_links":{"self":[{"href":"http:\/\/zbmpilawagorna.pl\/index.php?rest_route=\/wp\/v2\/pages\/1867","targetHints":{"allow":["GET"]}}],"collection":[{"href":"http:\/\/zbmpilawagorna.pl\/index.php?rest_route=\/wp\/v2\/pages"}],"about":[{"href":"http:\/\/zbmpilawagorna.pl\/index.php?rest_route=\/wp\/v2\/types\/page"}],"author":[{"embeddable":true,"href":"http:\/\/zbmpilawagorna.pl\/index.php?rest_route=\/wp\/v2\/users\/1"}],"replies":[{"embeddable":true,"href":"http:\/\/zbmpilawagorna.pl\/index.php?rest_route=%2Fwp%2Fv2%2Fcomments&post=1867"}],"version-history":[{"count":7,"href":"http:\/\/zbmpilawagorna.pl\/index.php?rest_route=\/wp\/v2\/pages\/1867\/revisions"}],"predecessor-version":[{"id":1872,"href":"http:\/\/zbmpilawagorna.pl\/index.php?rest_route=\/wp\/v2\/pages\/1867\/revisions\/1872"}],"wp:attachment":[{"href":"http:\/\/zbmpilawagorna.pl\/index.php?rest_route=%2Fwp%2Fv2%2Fmedia&parent=1867"}],"curies":[{"name":"wp","href":"https:\/\/api.w.org\/{rel}","templated":true}]}}