{"id":2,"date":"2018-10-28T01:20:31","date_gmt":"2018-10-28T01:20:31","guid":{"rendered":"http:\/\/zbm.lkpswidnica.pl\/?page_id=2"},"modified":"2020-02-27T00:15:37","modified_gmt":"2020-02-26T23:15:37","slug":"sample-page","status":"publish","type":"page","link":"http:\/\/zbmpilawagorna.pl\/?page_id=2","title":{"rendered":"Opis sp\u00f3\u0142ki"},"content":{"rendered":"<p><b>Zarz\u0105d Budynk\u00f3w Mieszkalnych Sp. z o. o.\u00a0<\/b>z siedzib\u0105 w Pi\u0142awie G\u00f3rnej przy ulicy<span data-ccp-props=\"{&quot;335559739&quot;:120}\">\u00a0<\/span>Piastowskiej 15a jest sp\u00f3\u0142k\u0105 prawa handlowego. Posiada osobowo\u015b\u0107 prawn\u0105 i jest wpisana do krajowego rejestru s\u0105dowego dla Wroc\u0142awia-Fabrycznej pod\u00a0 nr 0000177365. Sp\u00f3\u0142ka powsta\u0142a<span data-ccp-props=\"{&quot;335559739&quot;:120}\">\u00a0<\/span>1 wrze\u015bnia 2003r. i zosta\u0142a powo\u0142ana uchwa\u0142\u0105 RM Nr 65\/XII\/2003 z dnia 23.07.2003r. w miejsce zlikwidowanego zak\u0142adu bud\u017cetowego pod nazw\u0105 ALK.<span data-ccp-props=\"{&quot;335559739&quot;:120}\">\u00a0<\/span><\/p>\n<p>G\u0142\u00f3wnym przedmiotem dzia\u0142alno\u015bci gospodarczej Sp\u00f3\u0142ki jest sprawowanie zarz\u0105du nad komunalnym zasobem mieszkaniowym i u\u017cytkowym\u00a0Gminy\u00a0 Pi\u0142awa\u00a0G\u00f3rna oraz zarz\u0105d Wsp\u00f3lnotami Mieszkaniowymi w oparciu o obowi\u0105zuj\u0105ce przepisy prawa.<span data-ccp-props=\"{&quot;335559739&quot;:120}\">\u00a0<\/span><\/p>\n<p>Sp\u00f3\u0142ka zarz\u0105dza 112 budynkami i obs\u0142uguje je w zakresie:<span data-ccp-props=\"{&quot;335559739&quot;:120}\">\u00a0<\/span><\/p>\n<ul>\n<li data-leveltext=\"?\" data-font=\"Symbol\" data-listid=\"2\" aria-setsize=\"-1\" data-aria-posinset=\"1\" data-aria-level=\"1\">zarz\u0105du cz\u0119\u015bciami wsp\u00f3lnymi nieruchomo\u015bci Wsp\u00f3lnot Mieszkaniowych\u00a0<span data-ccp-props=\"{&quot;335559739&quot;:120}\">\u00a0<\/span><\/li>\n<li data-leveltext=\"?\" data-font=\"Symbol\" data-listid=\"2\" aria-setsize=\"-1\" data-aria-posinset=\"2\" data-aria-level=\"1\">spraw lokalowych\u00a0<span data-ccp-props=\"{&quot;335559739&quot;:120}\">\u00a0<\/span><\/li>\n<li data-leveltext=\"?\" data-font=\"Symbol\" data-listid=\"2\" aria-setsize=\"-1\" data-aria-posinset=\"3\" data-aria-level=\"1\">windykacji w imieniu Gminy: czynszu i innych op\u0142at\u00a0<span data-ccp-props=\"{&quot;335559739&quot;:120}\">\u00a0<\/span><\/li>\n<li data-leveltext=\"?\" data-font=\"Symbol\" data-listid=\"2\" aria-setsize=\"-1\" data-aria-posinset=\"3\" data-aria-level=\"1\">eksploatacji lokali mieszkalnych i u\u017cytkowych\u00a0<span data-ccp-props=\"{&quot;335559739&quot;:120}\">\u00a0<\/span><\/li>\n<li data-leveltext=\"?\" data-font=\"Symbol\" data-listid=\"2\" aria-setsize=\"-1\" data-aria-posinset=\"3\" data-aria-level=\"1\">remont\u00f3w i bie\u017c\u0105cych napraw\u00a0<span data-ccp-props=\"{&quot;335559739&quot;:120}\">\u00a0<\/span><\/li>\n<li data-leveltext=\"?\" data-font=\"Symbol\" data-listid=\"2\" aria-setsize=\"-1\" data-aria-posinset=\"3\" data-aria-level=\"1\">przegl\u0105d\u00f3w technicznych budynk\u00f3w, instalacji i urz\u0105dze\u0144\u00a0<span data-ccp-props=\"{&quot;335559739&quot;:120}\">\u00a0<\/span><\/li>\n<li data-leveltext=\"?\" data-font=\"Symbol\" data-listid=\"2\" aria-setsize=\"-1\" data-aria-posinset=\"3\" data-aria-level=\"1\">utrzymania porz\u0105dku i czysto\u015bci w budynkach i ich otoczeniu\u00a0<span data-ccp-props=\"{&quot;335559739&quot;:120}\">\u00a0<\/span><\/li>\n<li data-leveltext=\"?\" data-font=\"Symbol\" data-listid=\"2\" aria-setsize=\"-1\" data-aria-posinset=\"3\" data-aria-level=\"1\">rachunkowo\u015bci\u00a0<span data-ccp-props=\"{&quot;335559739&quot;:120}\">\u00a0<\/span><\/li>\n<\/ul>\n<p>Sp\u00f3\u0142ka mo\u017ce konkurowa\u0107 na rynku dzi\u0119ki profesjonalizmowi i niskim kosztom eksploatacji, jakie zapewnia wsp\u00f3lnotom. Niebagatelnym atutem Sp\u00f3\u0142ki\u00a0s\u0105 gwarancje\u00a0Gminy, (100 % udzia\u0142owca w sp\u00f3\u0142ce), kt\u00f3rej stabilno\u015b\u0107 i pewno\u015b\u0107 finansowa jest niepodwa\u017calna. Potrafimy sprosta\u0107 wysokim wymaganiom w\u0142a\u015bcicieli prywatnych budynk\u00f3w oraz lokali mieszkalnych, kt\u00f3rzy\u00a0coraz cz\u0119\u015bciej powierzaj\u0105 nam zarz\u0105dzanie w\u0142asnymi nieruchomo\u015bciami. Opr\u00f3cz us\u0142ug administracyjnych i porad prawnych du\u017cy\u00a0nacisk w\u00a0ostatnich latach k\u0142adziemy na popraw\u0119 stanu technicznego w zarz\u0105dzanych budynkach, gdzie przeprowadzamy np. remonty dach\u00f3w, elewacji itp. Istotnym argumentem naszej firmy jest wykwalifikowana i do\u015bwiadczona kadra administracyjna. Pracownicy naszej firmy podnosz\u0105 swoje kwalifikacje, co pozwala na systematyczn\u0105 popraw\u0119 \u015bwiadczonych us\u0142ug.<span data-ccp-props=\"{&quot;335559739&quot;:120}\">\u00a0<\/span><\/p>\n ","protected":false},"excerpt":{"rendered":"<p>Zarz\u0105d Budynk\u00f3w Mieszkalnych Sp. z o. o.\u00a0z siedzib\u0105 w Pi\u0142awie G\u00f3rnej przy ulicy\u00a0Piastowskiej 15a jest sp\u00f3\u0142k\u0105 prawa handlowego. Posiada osobowo\u015b\u0107 prawn\u0105 i jest wpisana do krajowego rejestru s\u0105dowego dla Wroc\u0142awia-Fabrycznej pod\u00a0 nr 0000177365. Sp\u00f3\u0142ka powsta\u0142a\u00a01 wrze\u015bnia 2003r. i zosta\u0142a powo\u0142ana uchwa\u0142\u0105 RM Nr 65\/XII\/2003 z dnia 23.07.2003r. w miejsce zlikwidowanego zak\u0142adu bud\u017cetowego pod nazw\u0105 ALK.\u00a0 [&hellip;]<\/p>\n","protected":false},"author":1,"featured_media":591,"parent":0,"menu_order":0,"comment_status":"closed","ping_status":"open","template":"","meta":{"footnotes":""},"class_list":["post-2","page","type-page","status-publish","has-post-thumbnail","hentry"],"_links":{"self":[{"href":"http:\/\/zbmpilawagorna.pl\/index.php?rest_route=\/wp\/v2\/pages\/2","targetHints":{"allow":["GET"]}}],"collection":[{"href":"http:\/\/zbmpilawagorna.pl\/index.php?rest_route=\/wp\/v2\/pages"}],"about":[{"href":"http:\/\/zbmpilawagorna.pl\/index.php?rest_route=\/wp\/v2\/types\/page"}],"author":[{"embeddable":true,"href":"http:\/\/zbmpilawagorna.pl\/index.php?rest_route=\/wp\/v2\/users\/1"}],"replies":[{"embeddable":true,"href":"http:\/\/zbmpilawagorna.pl\/index.php?rest_route=%2Fwp%2Fv2%2Fcomments&post=2"}],"version-history":[{"count":4,"href":"http:\/\/zbmpilawagorna.pl\/index.php?rest_route=\/wp\/v2\/pages\/2\/revisions"}],"predecessor-version":[{"id":96,"href":"http:\/\/zbmpilawagorna.pl\/index.php?rest_route=\/wp\/v2\/pages\/2\/revisions\/96"}],"wp:featuredmedia":[{"embeddable":true,"href":"http:\/\/zbmpilawagorna.pl\/index.php?rest_route=\/wp\/v2\/media\/591"}],"wp:attachment":[{"href":"http:\/\/zbmpilawagorna.pl\/index.php?rest_route=%2Fwp%2Fv2%2Fmedia&parent=2"}],"curies":[{"name":"wp","href":"https:\/\/api.w.org\/{rel}","templated":true}]}}