{"id":45,"date":"2018-10-29T02:56:06","date_gmt":"2018-10-29T01:56:06","guid":{"rendered":"http:\/\/zbm.lkpswidnica.pl\/?page_id=45"},"modified":"2020-12-22T19:49:07","modified_gmt":"2020-12-22T18:49:07","slug":"kontakt","status":"publish","type":"page","link":"http:\/\/zbmpilawagorna.pl\/?page_id=45","title":{"rendered":"Kontakt"},"content":{"rendered":"<section id=\"kontakt\" class=\"pb-5\">\n<h3 class=\"pt-4\">Skontaktuj si\u0119 z nami<\/h3>\n<p class=\"pb-4\">Zapraszamy do skorzystania z formularza kontaktowego w celu wys\u0142ania zapytania.<\/p>\n<div class=\"row\">\n<div class=\"col-lg-5 mb-4\">\n<div class=\"card\">\n<div class=\"card-body\">\n<div class=\"form-header bg-primary\">\n<h3><i class=\"fa fa-envelope\"><\/i> Napisz do nas:<\/h3>\n<\/div>\n<div class=\"wpforms-container wpforms-container-full\" id=\"wpforms-1260\"><form id=\"wpforms-form-1260\" class=\"wpforms-validate wpforms-form\" data-formid=\"1260\" method=\"post\" enctype=\"multipart\/form-data\" action=\"\/index.php?rest_route=%2Fwp%2Fv2%2Fpages%2F45\"><noscript class=\"wpforms-error-noscript\">Please enable JavaScript in your browser to complete this form.<\/noscript><div class=\"wpforms-field-container\"><div id=\"wpforms-1260-field_0-container\" class=\"wpforms-field wpforms-field-name\" data-field-id=\"0\"><label class=\"wpforms-field-label\" for=\"wpforms-1260-field_0\">Twoje imi\u0119 i nazwisko <span class=\"wpforms-required-label\">*<\/span><\/label><input type=\"text\" id=\"wpforms-1260-field_0\" class=\"wpforms-field-medium wpforms-field-required\" name=\"wpforms[fields][0]\" placeholder=\"Imi\u0119 i nazwisko\" required><div class=\"wpforms-field-description\"><i class=\"fa fa-user prefix text-secondary\"><\/i><\/div><\/div><div id=\"wpforms-1260-field_1-container\" class=\"wpforms-field wpforms-field-email\" data-field-id=\"1\"><label class=\"wpforms-field-label\" for=\"wpforms-1260-field_1\">Tw\u00f3j adres email <span class=\"wpforms-required-label\">*<\/span><\/label><input type=\"email\" id=\"wpforms-1260-field_1\" class=\"wpforms-field-medium wpforms-field-required\" name=\"wpforms[fields][1]\" placeholder=\"Email\" required><div class=\"wpforms-field-description\"><i class=\"fa fa-envelope prefix text-secondary\"><\/i><\/div><\/div><div id=\"wpforms-1260-field_2-container\" class=\"wpforms-field wpforms-field-textarea\" data-field-id=\"2\"><label class=\"wpforms-field-label\" for=\"wpforms-1260-field_2\">Twoja wiadomo\u015b\u0107 <span class=\"wpforms-required-label\">*<\/span><\/label><textarea id=\"wpforms-1260-field_2\" class=\"wpforms-field-medium wpforms-field-required\" name=\"wpforms[fields][2]\" placeholder=\"Napisz wiadomo\u015b\u0107\" required><\/textarea><div class=\"wpforms-field-description\"><i class=\"fa fa-pencil prefix text-secondary\"><\/i><\/div><\/div><div id=\"wpforms-1260-field_3-container\" class=\"wpforms-field wpforms-field-checkbox wpforms-list-inline\" data-field-id=\"3\"><label class=\"wpforms-field-label wpforms-label-hide\" for=\"wpforms-1260-field_3\">Checkboxes <span class=\"wpforms-required-label\">*<\/span><\/label><ul id=\"wpforms-1260-field_3\" class=\"wpforms-field-required\" data-choice-limit=\"1\"><li class=\"choice-1 depth-1\"><input type=\"checkbox\" id=\"wpforms-1260-field_3_1\" data-rule-check-limit=\"true\" name=\"wpforms[fields][3][]\" value=\"&lt;p style=&quot;font-size: 12px&quot;&gt;Wyra\u017cam zgod\u0119 na przetwarzanie danych osobowych zgodnie z ustaw\u0105 o ochronie danych osobowych w zwi\u0105zku z wys\u0142aniem wiadomo\u015bci przez formularz kontaktowy. Podanie danych jest dobrowolne, ale niezb\u0119dne do przetworzenia wiadomo\u015bci. Zosta\u0142(am)em poinformowan(a)y, \u017ce przys\u0142uguje mi prawo dost\u0119pu do swoich danych, mo\u017cliwo\u015bci ich poprawienia, \u017c\u0105dania zaprzestania ich przetwarzania. Administratorem danych osobowych jest &lt;b&gt;Zarz\u0105d Budynk\u00f3w Mieszkalnych Sp. z o. o. w Pi\u0142awie G\u00f3rnej ul. Piastowska 15a, 58-240 Pi\u0142awa G\u00f3rna&lt;\/b&gt; &lt;\/p&gt;\" required ><label class=\"wpforms-field-label-inline\" for=\"wpforms-1260-field_3_1\"><p style=\"font-size: 12px\">Wyra\u017cam zgod\u0119 na przetwarzanie danych osobowych zgodnie z ustaw\u0105 o ochronie danych osobowych w zwi\u0105zku z wys\u0142aniem wiadomo\u015bci przez formularz kontaktowy. Podanie danych jest dobrowolne, ale niezb\u0119dne do przetworzenia wiadomo\u015bci. Zosta\u0142(am)em poinformowan(a)y, \u017ce przys\u0142uguje mi prawo dost\u0119pu do swoich danych, mo\u017cliwo\u015bci ich poprawienia, \u017c\u0105dania zaprzestania ich przetwarzania. Administratorem danych osobowych jest <b>Zarz\u0105d Budynk\u00f3w Mieszkalnych Sp. z o. o. w Pi\u0142awie G\u00f3rnej ul. Piastowska 15a, 58-240 Pi\u0142awa G\u00f3rna<\/b> <\/p><\/label><\/li><\/ul><div class=\"wpforms-field-description\"><p style=\"color: red;\">* pole wymagane<\/div><\/div><\/div><div class=\"wpforms-field wpforms-field-hp\"><label for=\"wpforms-1260-field-hp\" class=\"wpforms-field-label\">Comment<\/label><input type=\"text\" name=\"wpforms[hp]\" id=\"wpforms-1260-field-hp\" class=\"wpforms-field-medium\"><\/div><div class=\"wpforms-submit-container\" ><input type=\"hidden\" name=\"wpforms[id]\" value=\"1260\"><input type=\"hidden\" name=\"wpforms[author]\" value=\"1\"><button type=\"submit\" name=\"wpforms[submit]\" class=\"wpforms-submit wyslij\" id=\"wpforms-submit-1260\" value=\"wpforms-submit\" aria-live=\"assertive\" data-alt-text=\"Wysy\u0142anie...\" data-submit-text=\"Wy\u015blij\">Wy\u015blij<\/button><\/div><\/form><\/div>  <!-- .wpforms-container -->\n<\/div>\n<\/div>\n<\/div>\n<div class=\"col-lg-7\">\n<div id=\"map-container-google-11\" class=\"z-depth-1-half map-container-6\" style=\"height: 600px;\"><iframe loading=\"lazy\" style=\"border: 0;\" src=\"https:\/\/www.google.com\/maps\/embed?pb=!1m18!1m12!1m3!1d531.4571478579711!2d16.75657711404124!3d50.68188787414337!2m3!1f0!2f0!3f0!3m2!1i1024!2i768!4f13.1!3m3!1m2!1s0x0%3A0x2c0d25a1ef5a7b1e!2sZarz%C4%85d+Budynk%C3%B3w+Mieszkalnych+Sp.+z+o.o.!5e0!3m2!1spl!2spl!4v1544501300365\" width=\"690\" height=\"600\" frameborder=\"0\" allowfullscreen=\"allowfullscreen\"><\/iframe><\/div>\n<p>&nbsp;<\/p>\n<hr>\n<div class=\"row text-center\">\n<div class=\"col-md-4\">\n<p>&nbsp;<br \/>\n<i style=\"font-size:24px\" class=\"fa\">&#xf124;<\/i><br \/>\nul. Piastowska 15a<br \/>\n58-240 Pi\u0142awa G\u00f3rna<\/p>\n<\/div>\n<div class=\"col-md-4\">\n<p>&nbsp;<br \/>\n<i style=\"font-size:24px\" class=\"fa\">&#xf095;<\/i><br \/>\n+48 74 8371 288<br \/>\nPon. &#8211; Pt. 7:00-15:00<br \/>\nSob. &#8211; Nied. nieczynne<\/p>\n<\/div>\n<div class=\"col-md-4\">\n<p>&nbsp;<br \/>\n<i style=\"font-size:24px\" class=\"fa\">&#xf2b6;<\/i><br \/>\nzbmpg@wp.pl<\/p>\n<\/div>\n<\/div>\n<hr>\n<\/div>\n<\/div>\n<\/section>\n<p><!--more--><\/p>\n ","protected":false},"excerpt":{"rendered":"<p>Skontaktuj si\u0119 z nami Zapraszamy do skorzystania z formularza kontaktowego w celu wys\u0142ania zapytania. Napisz do nas: &nbsp; &nbsp; &#xf124; ul. Piastowska 15a 58-240 Pi\u0142awa G\u00f3rna &nbsp; &#xf095; +48 74 8371 288 Pon. &#8211; Pt. 7:00-15:00 Sob. &#8211; Nied. nieczynne &nbsp; &#xf2b6; zbmpg@wp.pl<\/p>\n","protected":false},"author":1,"featured_media":0,"parent":0,"menu_order":0,"comment_status":"closed","ping_status":"closed","template":"","meta":{"footnotes":""},"class_list":["post-45","page","type-page","status-publish","hentry"],"_links":{"self":[{"href":"http:\/\/zbmpilawagorna.pl\/index.php?rest_route=\/wp\/v2\/pages\/45","targetHints":{"allow":["GET"]}}],"collection":[{"href":"http:\/\/zbmpilawagorna.pl\/index.php?rest_route=\/wp\/v2\/pages"}],"about":[{"href":"http:\/\/zbmpilawagorna.pl\/index.php?rest_route=\/wp\/v2\/types\/page"}],"author":[{"embeddable":true,"href":"http:\/\/zbmpilawagorna.pl\/index.php?rest_route=\/wp\/v2\/users\/1"}],"replies":[{"embeddable":true,"href":"http:\/\/zbmpilawagorna.pl\/index.php?rest_route=%2Fwp%2Fv2%2Fcomments&post=45"}],"version-history":[{"count":69,"href":"http:\/\/zbmpilawagorna.pl\/index.php?rest_route=\/wp\/v2\/pages\/45\/revisions"}],"predecessor-version":[{"id":1797,"href":"http:\/\/zbmpilawagorna.pl\/index.php?rest_route=\/wp\/v2\/pages\/45\/revisions\/1797"}],"wp:attachment":[{"href":"http:\/\/zbmpilawagorna.pl\/index.php?rest_route=%2Fwp%2Fv2%2Fmedia&parent=45"}],"curies":[{"name":"wp","href":"https:\/\/api.w.org\/{rel}","templated":true}]}}