{"id":715,"date":"2019-07-21T00:33:17","date_gmt":"2019-07-20T23:33:17","guid":{"rendered":"http:\/\/zbmpilawagorna.pl\/?page_id=715"},"modified":"2021-12-01T13:24:37","modified_gmt":"2021-12-01T12:24:37","slug":"noclegi-2","status":"publish","type":"page","link":"http:\/\/zbmpilawagorna.pl\/?page_id=715","title":{"rendered":"Noclegi"},"content":{"rendered":"<p>Zarz\u0105d Budynk\u00f3w Mieszkalnych Sp. z o. o. w Pi\u0142awie G\u00f3rnej prowadzi dodatkow\u0105 dzia\u0142alno\u015b\u0107, polegaj\u0105c\u0105 na sprzeda\u017cy us\u0142ug noclegowych. Oferujemy pokoje 2 osobowe z \u0142azienkami oraz dost\u0119p do wsp\u00f3lnej kuchni.<span data-ccp-props=\"{&quot;335559739&quot;:120}\">\u00a0<\/span><\/p>\n<h3 aria-level=\"3\"><b>Tanie noclegi dla:<\/b><span data-ccp-props=\"{&quot;335559738&quot;:0,&quot;335559739&quot;:0}\">\u00a0<\/span><\/h3>\n<ul>\n<li data-leveltext=\"?\" data-font=\"Symbol\" data-listid=\"3\" aria-setsize=\"-1\" data-aria-posinset=\"1\" data-aria-level=\"1\">zielonych szk\u00f3\u0142;<\/li>\n<li data-leveltext=\"?\" data-font=\"Symbol\" data-listid=\"3\" aria-setsize=\"-1\" data-aria-posinset=\"1\" data-aria-level=\"1\">ma\u0142ych grup sportowych;<\/li>\n<li data-leveltext=\"?\" data-font=\"Symbol\" data-listid=\"3\" aria-setsize=\"-1\" data-aria-posinset=\"1\" data-aria-level=\"1\">indywidualnych os\u00f3b.\u00a0<span data-ccp-props=\"{&quot;335559739&quot;:120}\">\u00a0<\/span><\/li>\n<\/ul>\n<p>Po wcze\u015bniejszych uzgodnieniach istnieje mo\u017cliwo\u015b\u0107 wy\u017cywienia i korzystania z kompleksu boisk sportowych, w tym kort\u00f3w tenisowych.<\/p>\n<p>&nbsp;<\/p>\n<p>Rezerwacji mo\u017cna dokona\u0107 przez <a href=\"http:\/\/zbmpilawagorna.pl\/?page_id=45\">formularz kontaktowy<\/a> lub na adres email zbmpg@wp.pl<\/p>\n<p>&nbsp;<\/p>\n<p class=\"p1\" style=\"text-align: center;\"><span class=\"s1\"> <b>CENNIK US\u0141UG NOCLEGOWYCH <\/b><\/span><\/p>\n<p class=\"p1\" style=\"text-align: center;\"><span class=\"s1\"><b>PI\u0141AWA G\u00d3RNA UL. PIASTOWSKA 15A<\/b><\/span><\/p>\n<p class=\"p1\" style=\"text-align: center;\"><span class=\"s1\"><b>Cennik wa\u017cny od 01.11.2021 roku<\/b><\/span><\/p>\n<p class=\"p3\" style=\"text-align: left;\"><span class=\"s1\"><span class=\"Apple-converted-space\">\u00a0 \u00a0 <\/span>Zarz\u0105d Budynk\u00f3w Mieszkalnych Sp. z o.o. w Pi\u0142awie G\u00f3rnej dysponuje 14 miejscami noclegowymi w pokojach dwuosobowych z \u0142azienkami.<\/span><\/p>\n<p class=\"p3\"><span class=\"s1\"><b>Pobyt kr\u00f3tkoterminowy :<\/b><\/span><\/p>\n<p class=\"p3\"><span class=\"s1\">pok\u00f3j 2 osobowy<b><span class=\"Apple-converted-space\">\u00a0 <\/span>&#8211;<span class=\"Apple-converted-space\">\u00a0 5<\/span>0 z\u0142\/osoba<\/b><\/span><\/p>\n<p class=\"p3\"><span class=\"s1\"><b>dodatkowo pobierana jest kaucja za klucze w kwocie 30 z\u0142<\/b><\/span><\/p>\n<p class=\"p3\"><span class=\"s1\"><b>Pobyt d\u0142ugoterminowy :<\/b><\/span><\/p>\n<p class=\"p3\"><span class=\"s1\">pok\u00f3j 2 osobowy dla jednej osoby w pokoju<b>&#8211; 900 z\u0142\/m-c\/pok\u00f3j<\/b><\/span><\/p>\n<p class=\"p3\"><span class=\"s1\">pok\u00f3j 2 osobowy dla dw\u00f3ch os\u00f3b w pokoju<b> \u2013 700 z\u0142\/m-c\/osoby<\/b><\/span><\/p>\n<p class=\"p1\"><b>Przy d\u0142ugoterminowym pobycie\u00a0<\/b><span class=\"s1\"><b>dodatkowo pobierana jest kaucja w kwocie 300,00 z\u0142 + 30 z\u0142 za klucze<\/b><\/span><\/p>\n<p class=\"p6\"><span class=\"s1\"><b>Potwierdzenie rezerwacji stanowi wp\u0142ata zaliczki w wysoko\u015bci 20% na podane konto. Rozliczenie nast\u0119puje w dniu przyjazdu, po przekazaniu kluczy.<\/b><\/span><\/p>\n<p class=\"p8\"><span class=\"s1\">Doba noclegowa ko\u0144czy si\u0119 o godz. 12<\/span><\/p>\n<p class=\"p1\">Tel kontaktowy: 74 8371288 w godzinach od 7.00-15.00<\/p>\n<p><a href=\"http:\/\/zbmpilawagorna.pl\/wp-content\/uploads\/2020\/02\/regulamin-us\u0142ug-noclegowych.doc\" target=\"_blank\" rel=\"noopener\">Regulamin us\u0142ug noclegowych<\/a><\/p>\n<div class=\"image-nocleg\"><\/div>\n ","protected":false},"excerpt":{"rendered":"<p>Zarz\u0105d Budynk\u00f3w Mieszkalnych Sp. z o. o. w Pi\u0142awie G\u00f3rnej prowadzi dodatkow\u0105 dzia\u0142alno\u015b\u0107, polegaj\u0105c\u0105 na sprzeda\u017cy us\u0142ug noclegowych. Oferujemy pokoje 2 osobowe z \u0142azienkami oraz dost\u0119p do wsp\u00f3lnej kuchni.\u00a0 Tanie noclegi dla:\u00a0 zielonych szk\u00f3\u0142; ma\u0142ych grup sportowych; indywidualnych os\u00f3b.\u00a0\u00a0 Po wcze\u015bniejszych uzgodnieniach istnieje mo\u017cliwo\u015b\u0107 wy\u017cywienia i korzystania z kompleksu boisk sportowych, w tym kort\u00f3w tenisowych. [&hellip;]<\/p>\n","protected":false},"author":1,"featured_media":0,"parent":0,"menu_order":0,"comment_status":"closed","ping_status":"closed","template":"","meta":{"footnotes":""},"class_list":["post-715","page","type-page","status-publish","hentry"],"_links":{"self":[{"href":"http:\/\/zbmpilawagorna.pl\/index.php?rest_route=\/wp\/v2\/pages\/715","targetHints":{"allow":["GET"]}}],"collection":[{"href":"http:\/\/zbmpilawagorna.pl\/index.php?rest_route=\/wp\/v2\/pages"}],"about":[{"href":"http:\/\/zbmpilawagorna.pl\/index.php?rest_route=\/wp\/v2\/types\/page"}],"author":[{"embeddable":true,"href":"http:\/\/zbmpilawagorna.pl\/index.php?rest_route=\/wp\/v2\/users\/1"}],"replies":[{"embeddable":true,"href":"http:\/\/zbmpilawagorna.pl\/index.php?rest_route=%2Fwp%2Fv2%2Fcomments&post=715"}],"version-history":[{"count":12,"href":"http:\/\/zbmpilawagorna.pl\/index.php?rest_route=\/wp\/v2\/pages\/715\/revisions"}],"predecessor-version":[{"id":1279,"href":"http:\/\/zbmpilawagorna.pl\/index.php?rest_route=\/wp\/v2\/pages\/715\/revisions\/1279"}],"wp:attachment":[{"href":"http:\/\/zbmpilawagorna.pl\/index.php?rest_route=%2Fwp%2Fv2%2Fmedia&parent=715"}],"curies":[{"name":"wp","href":"https:\/\/api.w.org\/{rel}","templated":true}]}}