{"id":742,"date":"2019-07-22T11:36:15","date_gmt":"2019-07-22T10:36:15","guid":{"rendered":"http:\/\/zbmpilawagorna.pl\/?page_id=742"},"modified":"2020-02-27T00:16:53","modified_gmt":"2020-02-26T23:16:53","slug":"nadzor-budowlany","status":"publish","type":"page","link":"http:\/\/zbmpilawagorna.pl\/?page_id=742","title":{"rendered":"Nadz\u00f3r budowlany"},"content":{"rendered":"<p>&nbsp;<\/p>\n<h4><\/h4>\n<h4>Nadzorowanie prac remontowych<br \/>\n&#8211; warto\u015b\u0107 kosztorysowa do 1000,00 z\u0142 netto &#8211; 150,00 z\u0142<br \/>\n&#8211; warto\u015b\u0107 kosztorysowa od 1001- 5 000,00 z\u0142 netto &#8211; 250,00 z\u0142<br \/>\n&#8211; warto\u015b\u0107 kosztorysowa od 5001-25 000,00 z\u0142 netto &#8211; 500,00 z\u0142<br \/>\n&#8211; warto\u015b\u0107 kosztorysowa powy\u017cej 25000,00 z\u0142 netto &#8211; 2% warto\u015bci prac<\/h4>\n<p>&nbsp;<\/p>\n<p style=\"text-align: left;\">* Podane ceny s\u0105 warto\u015bci\u0105 brutto<\/p>\n<div class=\"image-nadzor\"><\/div>\n ","protected":false},"excerpt":{"rendered":"<p>&nbsp; Nadzorowanie prac remontowych &#8211; warto\u015b\u0107 kosztorysowa do 1000,00 z\u0142 netto &#8211; 150,00 z\u0142 &#8211; warto\u015b\u0107 kosztorysowa od 1001- 5 000,00 z\u0142 netto &#8211; 250,00 z\u0142 &#8211; warto\u015b\u0107 kosztorysowa od 5001-25 000,00 z\u0142 netto &#8211; 500,00 z\u0142 &#8211; warto\u015b\u0107 kosztorysowa powy\u017cej 25000,00 z\u0142 netto &#8211; 2% warto\u015bci prac &nbsp; * Podane ceny s\u0105 warto\u015bci\u0105 brutto<\/p>\n","protected":false},"author":1,"featured_media":743,"parent":0,"menu_order":0,"comment_status":"closed","ping_status":"closed","template":"","meta":{"footnotes":""},"class_list":["post-742","page","type-page","status-publish","has-post-thumbnail","hentry"],"_links":{"self":[{"href":"http:\/\/zbmpilawagorna.pl\/index.php?rest_route=\/wp\/v2\/pages\/742","targetHints":{"allow":["GET"]}}],"collection":[{"href":"http:\/\/zbmpilawagorna.pl\/index.php?rest_route=\/wp\/v2\/pages"}],"about":[{"href":"http:\/\/zbmpilawagorna.pl\/index.php?rest_route=\/wp\/v2\/types\/page"}],"author":[{"embeddable":true,"href":"http:\/\/zbmpilawagorna.pl\/index.php?rest_route=\/wp\/v2\/users\/1"}],"replies":[{"embeddable":true,"href":"http:\/\/zbmpilawagorna.pl\/index.php?rest_route=%2Fwp%2Fv2%2Fcomments&post=742"}],"version-history":[{"count":12,"href":"http:\/\/zbmpilawagorna.pl\/index.php?rest_route=\/wp\/v2\/pages\/742\/revisions"}],"predecessor-version":[{"id":775,"href":"http:\/\/zbmpilawagorna.pl\/index.php?rest_route=\/wp\/v2\/pages\/742\/revisions\/775"}],"wp:featuredmedia":[{"embeddable":true,"href":"http:\/\/zbmpilawagorna.pl\/index.php?rest_route=\/wp\/v2\/media\/743"}],"wp:attachment":[{"href":"http:\/\/zbmpilawagorna.pl\/index.php?rest_route=%2Fwp%2Fv2%2Fmedia&parent=742"}],"curies":[{"name":"wp","href":"https:\/\/api.w.org\/{rel}","templated":true}]}}