{"id":759,"date":"2019-07-22T12:10:47","date_gmt":"2019-07-22T11:10:47","guid":{"rendered":"http:\/\/zbmpilawagorna.pl\/?page_id=759"},"modified":"2019-10-07T12:17:02","modified_gmt":"2019-10-07T11:17:02","slug":"wynajem-sali","status":"publish","type":"page","link":"http:\/\/zbmpilawagorna.pl\/?page_id=759","title":{"rendered":"Wynajem sali"},"content":{"rendered":"<p>&nbsp;<\/p>\n<p>&nbsp;<\/p>\n<h3 class=\"widget-title\" style=\"text-align: left;\"><b>Wynajem sali na kameralne uroczysto\u015bci<\/b><\/h3>\n<p>&nbsp;<\/p>\n<p style=\"text-align: left;\">Wynajmujemy sal\u0119 wraz z zapleczem na kameralne uroczysto\u015bci rodzinne i inne imprezy okoliczno\u015bciowe do 25 os\u00f3b.<\/p>\n<p>Cena od 100z\u0142 do negocjacji.<\/p>\n<p>&nbsp;<\/p>\n<p>&nbsp;<\/p>\n<div class=\"image-sala\"><\/div>\n ","protected":false},"excerpt":{"rendered":"<p>&nbsp; &nbsp; Wynajem sali na kameralne uroczysto\u015bci &nbsp; Wynajmujemy sal\u0119 wraz z zapleczem na kameralne uroczysto\u015bci rodzinne i inne imprezy okoliczno\u015bciowe do 25 os\u00f3b. Cena od 100z\u0142 do negocjacji. &nbsp; &nbsp;<\/p>\n","protected":false},"author":1,"featured_media":0,"parent":0,"menu_order":0,"comment_status":"closed","ping_status":"closed","template":"","meta":{"footnotes":""},"class_list":["post-759","page","type-page","status-publish","hentry"],"_links":{"self":[{"href":"http:\/\/zbmpilawagorna.pl\/index.php?rest_route=\/wp\/v2\/pages\/759","targetHints":{"allow":["GET"]}}],"collection":[{"href":"http:\/\/zbmpilawagorna.pl\/index.php?rest_route=\/wp\/v2\/pages"}],"about":[{"href":"http:\/\/zbmpilawagorna.pl\/index.php?rest_route=\/wp\/v2\/types\/page"}],"author":[{"embeddable":true,"href":"http:\/\/zbmpilawagorna.pl\/index.php?rest_route=\/wp\/v2\/users\/1"}],"replies":[{"embeddable":true,"href":"http:\/\/zbmpilawagorna.pl\/index.php?rest_route=%2Fwp%2Fv2%2Fcomments&post=759"}],"version-history":[{"count":10,"href":"http:\/\/zbmpilawagorna.pl\/index.php?rest_route=\/wp\/v2\/pages\/759\/revisions"}],"predecessor-version":[{"id":1119,"href":"http:\/\/zbmpilawagorna.pl\/index.php?rest_route=\/wp\/v2\/pages\/759\/revisions\/1119"}],"wp:attachment":[{"href":"http:\/\/zbmpilawagorna.pl\/index.php?rest_route=%2Fwp%2Fv2%2Fmedia&parent=759"}],"curies":[{"name":"wp","href":"https:\/\/api.w.org\/{rel}","templated":true}]}}